{"id":1102,"date":"2021-02-16T15:01:52","date_gmt":"2021-02-16T14:01:52","guid":{"rendered":"https:\/\/worldskills.asoo.hr\/Welcome\/?page_id=1102"},"modified":"2021-02-26T12:13:48","modified_gmt":"2021-02-26T11:13:48","slug":"o-sustavu","status":"publish","type":"page","link":"https:\/\/worldskills.asoo.hr\/Welcome\/o-sustavu\/","title":{"rendered":"Projekt"},"content":{"rendered":"\t\t<div data-elementor-type=\"wp-page\" data-elementor-id=\"1102\" class=\"elementor elementor-1102\" data-elementor-post-type=\"page\">\n\t\t\t\t\t\t<section class=\"elementor-section elementor-top-section elementor-element elementor-element-b22df8d elementor-section-boxed elementor-section-height-default elementor-section-height-default\" data-id=\"b22df8d\" data-element_type=\"section\" data-e-type=\"section\">\n\t\t\t\t\t\t<div class=\"elementor-container elementor-column-gap-default\">\n\t\t\t\t\t<div class=\"elementor-column elementor-col-100 elementor-top-column elementor-element elementor-element-0098ac6\" data-id=\"0098ac6\" data-element_type=\"column\" data-e-type=\"column\">\n\t\t\t<div class=\"elementor-widget-wrap elementor-element-populated\">\n\t\t\t\t\t\t<div class=\"elementor-element elementor-element-c45dcae elementor-widget elementor-widget-text-editor\" data-id=\"c45dcae\" data-element_type=\"widget\" data-e-type=\"widget\" data-widget_type=\"text-editor.default\">\n\t\t\t\t\t\t\t\t\t<p><strong>WSC SINAS<\/strong><\/p><p>Agencija za strukovno obrazovanje i obrazovanje odraslih razvila je novi informacijski sustav za organizaciju i provedbu dr\u017eavnih natjecanja &#8211; WorldSkills Croatia Sredi\u0161nji Informacijski NAtjecateljski Sustav (WSC SINAS).<br \/>Kroz sustav \u0107e se provoditi sve faze natjecanja (iskaz interesa, prijava za u\u010denika i mentora za natjecanja, administracija \u0161kola doma\u0107ina, preuzimanje zadataka za izlu\u010dna natjecanja, objava rezultata, ispis potvrda, itd.).<\/p><p><strong>Projekt<\/strong><\/p><p>Projekt \u201cPromocija u\u010deni\u010dkih kompetencija i strukovnog obrazovanja kroz strukovna natjecanja i smotre\u201d sufinanciran je iz Europskog socijalnog fonda, a nositelj je Agencija za strukovno obrazovanje i obrazovanje odraslih. Vrijednost ovog projekta iznosi ukupno 40.919.987,84 HRK.<\/p><p>Cilj projekta je promocija va\u017enosti u\u010deni\u010dkih kompetencija i strukovnih zanimanja kroz unapre\u0111enje postoje\u0107eg sustava strukovnih natjecanja i ja\u010danje kompetencija djelatnika \u0161kola i u\u010denika kroz sudjelovanje u moderniziranom sustavu natjecanja i smotri na nacionalnoj i me\u0111unarodnoj razini. Projekt je zapo\u010deo 2017. godine, a provedba \u0107e trajati ukupno 5 godina (60 mjeseci).<\/p><p>Strukovna natjecanja prepoznata su na nacionalnoj, europskoj i svjetskoj razini kao va\u017ean mehanizam promocije izvrsnosti i privla\u010dnosti strukovnog obrazovanja. Projekt \u201cPromocija u\u010deni\u010dkih kompetencija i strukovnog obrazovanja kroz strukovna natjecanja i smotre\u201d odgovorit \u0107e na uo\u010dene izazove u sustavu strukovnog obrazovanja u Hrvatskoj, poput niske dru\u0161tvene percepcije kvalitete i relevantnosti strukovnih programa, te ujedno osigurati financijsku podr\u0161ku za potrebnu modernizaciju modela nacionalnih strukovnih u\u010deni\u010dkih natjecanja, pove\u0107ano sudjelovanje hrvatskih predstavnika na me\u0111unarodnim natjecanjima vje\u0161tina, te podizanje ugleda strukovnog obrazovanja kroz sustavnu strate\u0161ku promociju putem natjecanja.<\/p>\t\t\t\t\t\t\t\t<\/div>\n\t\t\t\t\t<\/div>\n\t\t<\/div>\n\t\t\t\t\t<\/div>\n\t\t<\/section>\n\t\t\t\t<\/div>\n\t\t","protected":false},"excerpt":{"rendered":"<p>WSC SINAS Agencija za strukovno obrazovanje i obrazovanje odraslih razvila je novi informacijski sustav za organizaciju i provedbu dr\u017eavnih natjecanja &#8211; WorldSkills Croatia Sredi\u0161nji Informacijski NAtjecateljski Sustav (WSC SINAS). Kroz sustav \u0107e se provoditi sve faze natjecanja (iskaz interesa, prijava za u\u010denika i mentora za natjecanja, administracija \u0161kola doma\u0107ina, preuzimanje zadataka za izlu\u010dna natjecanja, objava [&hellip;]<\/p>\n","protected":false},"author":3,"featured_media":0,"parent":0,"menu_order":0,"comment_status":"closed","ping_status":"closed","template":"","meta":{"iawp_total_views":33,"footnotes":""},"class_list":["post-1102","page","type-page","status-publish","hentry"],"_links":{"self":[{"href":"https:\/\/worldskills.asoo.hr\/Welcome\/wp-json\/wp\/v2\/pages\/1102","targetHints":{"allow":["GET"]}}],"collection":[{"href":"https:\/\/worldskills.asoo.hr\/Welcome\/wp-json\/wp\/v2\/pages"}],"about":[{"href":"https:\/\/worldskills.asoo.hr\/Welcome\/wp-json\/wp\/v2\/types\/page"}],"author":[{"embeddable":true,"href":"https:\/\/worldskills.asoo.hr\/Welcome\/wp-json\/wp\/v2\/users\/3"}],"replies":[{"embeddable":true,"href":"https:\/\/worldskills.asoo.hr\/Welcome\/wp-json\/wp\/v2\/comments?post=1102"}],"version-history":[{"count":5,"href":"https:\/\/worldskills.asoo.hr\/Welcome\/wp-json\/wp\/v2\/pages\/1102\/revisions"}],"predecessor-version":[{"id":1253,"href":"https:\/\/worldskills.asoo.hr\/Welcome\/wp-json\/wp\/v2\/pages\/1102\/revisions\/1253"}],"wp:attachment":[{"href":"https:\/\/worldskills.asoo.hr\/Welcome\/wp-json\/wp\/v2\/media?parent=1102"}],"curies":[{"name":"wp","href":"https:\/\/api.w.org\/{rel}","templated":true}]}}